{"id":12,"date":"2020-12-12T08:52:18","date_gmt":"2020-12-12T07:52:18","guid":{"rendered":"http:\/\/colorfield.pl\/page\/?page_id=12"},"modified":"2022-02-28T12:10:58","modified_gmt":"2022-02-28T11:10:58","slug":"drukarnia-wielkoformatowa","status":"publish","type":"page","link":"https:\/\/colorfield.pl\/page\/drukarnia-wielkoformatowa\/","title":{"rendered":"Drukarnia Wielkoformatowa"},"content":{"rendered":"\t\t<div data-elementor-type=\"wp-page\" data-elementor-id=\"12\" class=\"elementor elementor-12\">\n\t\t\t\t\t\t<section class=\"elementor-section elementor-top-section elementor-element elementor-element-823a001 elementor-section-boxed elementor-section-height-default elementor-section-height-default\" data-id=\"823a001\" data-element_type=\"section\" data-e-type=\"section\">\n\t\t\t\t\t\t<div class=\"elementor-container elementor-column-gap-default\">\n\t\t\t\t\t<div class=\"elementor-column elementor-col-100 elementor-top-column elementor-element elementor-element-934eba9\" data-id=\"934eba9\" data-element_type=\"column\" data-e-type=\"column\">\n\t\t\t<div class=\"elementor-widget-wrap elementor-element-populated\">\n\t\t\t\t\t\t<div class=\"elementor-element elementor-element-a329336 elementor-widget elementor-widget-slides\" data-id=\"a329336\" data-element_type=\"widget\" data-e-type=\"widget\" data-widget_type=\"slides.default\">\n\t\t\t\t<div class=\"elementor-widget-container\">\n\t\t\t\t\t \t\t\t\t<\/div>\n\t\t\t\t<\/div>\n\t\t\t\t\t<\/div>\n\t\t<\/div>\n\t\t\t\t\t<\/div>\n\t\t<\/section>\n\t\t\t\t<section class=\"elementor-section elementor-top-section elementor-element elementor-element-6b7bd9e elementor-section-boxed elementor-section-height-default elementor-section-height-default\" data-id=\"6b7bd9e\" data-element_type=\"section\" data-e-type=\"section\">\n\t\t\t\t\t\t<div class=\"elementor-container elementor-column-gap-default\">\n\t\t\t\t\t<div class=\"elementor-column elementor-col-100 elementor-top-column elementor-element elementor-element-d3cb8b8\" data-id=\"d3cb8b8\" data-element_type=\"column\" data-e-type=\"column\">\n\t\t\t<div class=\"elementor-widget-wrap elementor-element-populated\">\n\t\t\t\t\t\t<div class=\"elementor-element elementor-element-01ce126 elementor-widget elementor-widget-heading\" data-id=\"01ce126\" data-element_type=\"widget\" data-e-type=\"widget\" data-widget_type=\"heading.default\">\n\t\t\t\t<div class=\"elementor-widget-container\">\n\t\t\t\t\t<h1 class=\"elementor-heading-title elementor-size-default\">Drukarnia wielkoformatowa<\/h1>\t\t\t\t<\/div>\n\t\t\t\t<\/div>\n\t\t\t\t\t<\/div>\n\t\t<\/div>\n\t\t\t\t\t<\/div>\n\t\t<\/section>\n\t\t\t\t<section class=\"elementor-section elementor-top-section elementor-element elementor-element-304f1aa elementor-section-boxed elementor-section-height-default elementor-section-height-default\" data-id=\"304f1aa\" data-element_type=\"section\" data-e-type=\"section\">\n\t\t\t\t\t\t<div class=\"elementor-container elementor-column-gap-default\">\n\t\t\t\t\t<div class=\"elementor-column elementor-col-100 elementor-top-column elementor-element elementor-element-965d8b3\" data-id=\"965d8b3\" data-element_type=\"column\" data-e-type=\"column\">\n\t\t\t<div class=\"elementor-widget-wrap elementor-element-populated\">\n\t\t\t\t\t\t<div class=\"elementor-element elementor-element-074c94f elementor-widget elementor-widget-heading\" data-id=\"074c94f\" data-element_type=\"widget\" data-e-type=\"widget\" data-widget_type=\"heading.default\">\n\t\t\t\t<div class=\"elementor-widget-container\">\n\t\t\t\t\t<h2 class=\"elementor-heading-title elementor-size-large\">COLORFIELD- agencja reklamy w pabianicach<\/h2>\t\t\t\t<\/div>\n\t\t\t\t<\/div>\n\t\t\t\t\t<\/div>\n\t\t<\/div>\n\t\t\t\t\t<\/div>\n\t\t<\/section>\n\t\t\t\t<section class=\"elementor-section elementor-top-section elementor-element elementor-element-be5033e elementor-section-boxed elementor-section-height-default elementor-section-height-default\" data-id=\"be5033e\" data-element_type=\"section\" data-e-type=\"section\">\n\t\t\t\t\t\t<div class=\"elementor-container elementor-column-gap-default\">\n\t\t\t\t\t<div class=\"elementor-column elementor-col-100 elementor-top-column elementor-element elementor-element-5d723a4\" data-id=\"5d723a4\" data-element_type=\"column\" data-e-type=\"column\">\n\t\t\t<div class=\"elementor-widget-wrap elementor-element-populated\">\n\t\t\t\t\t\t<div class=\"elementor-element elementor-element-6bcb5f0 elementor-widget elementor-widget-heading\" data-id=\"6bcb5f0\" data-element_type=\"widget\" data-e-type=\"widget\" data-widget_type=\"heading.default\">\n\t\t\t\t<div class=\"elementor-widget-container\">\n\t\t\t\t\t<h3 class=\"elementor-heading-title elementor-size-medium\">Potrzebujesz wytrzyma\u0142ych baner\u00f3w?<\/h3>\t\t\t\t<\/div>\n\t\t\t\t<\/div>\n\t\t\t\t\t<\/div>\n\t\t<\/div>\n\t\t\t\t\t<\/div>\n\t\t<\/section>\n\t\t\t\t<section class=\"elementor-section elementor-top-section elementor-element elementor-element-d6af50f elementor-section-boxed elementor-section-height-default elementor-section-height-default\" data-id=\"d6af50f\" data-element_type=\"section\" data-e-type=\"section\">\n\t\t\t\t\t\t<div class=\"elementor-container elementor-column-gap-default\">\n\t\t\t\t\t<div class=\"elementor-column elementor-col-100 elementor-top-column elementor-element elementor-element-6854b44\" data-id=\"6854b44\" data-element_type=\"column\" data-e-type=\"column\">\n\t\t\t<div class=\"elementor-widget-wrap elementor-element-populated\">\n\t\t\t\t\t\t<div class=\"elementor-element elementor-element-f60f9d8 elementor-widget elementor-widget-text-editor\" data-id=\"f60f9d8\" data-element_type=\"widget\" data-e-type=\"widget\" data-widget_type=\"text-editor.default\">\n\t\t\t\t<div class=\"elementor-widget-container\">\n\t\t\t\t\t\t\t\t\t<p>\u015awiadczymy us\u0142ugi druku reklam wielkoformatowych takich jak;<\/p><p>&#8211; Banery reklamowe- powlekane, laminowane, odblaskowe, standardowo oczkowane, ale mog\u0105 by\u0107 wyka\u0144czane r\u00f3wnie\u017c z tunelem monta\u017cowym.<\/p><p>&#8211; Siatki Mesh- stosowane przy du\u017cych gabarytach reklam, gdzie reklama nara\u017cona jest na silny wiatr, b\u0105d\u017a na budynku gdzie wyst\u0119puj\u0105 okna.<\/p><p>&#8211; Papier whiteback stosowany do druku plakat\u00f3w wielkoformatowych o r\u00f3\u017cnych wymiarach B1, B2, A1,A2, B0 lub okre\u015blone wymiary przez klienta. \u00a0<\/p><p>\u00a0 Do druku stosujemy atramenty z Certyfikatem, kt\u00f3ry pozwoli zastosowa\u0107 nasze wydruki w przedszkolach czy plac\u00f3wkach medyczny.<\/p><p>&#8211; Folie samoprzylepne kr\u00f3tko i d\u0142ugookresowe z zastosowaniem do wewn\u0105trz jak i laminowane do ekspozycji zewn\u0119trznej.\u00a0<\/p><p>Ka\u017cdy wydruk na folii mo\u017cemy wyci\u0105\u0107 \u00a0po obrysie o dowolnym kszta\u0142cie. Do wewn\u0105trz posiadamy folie EASY DOT oraz folie adhezyjne.\u00a0<\/p><p>&#8211; Materia\u0142y PET- stosowane g\u0142\u00f3wnie do system\u00f3w wystawienniczych typu roll-up czy \u015bcianki wystawiennicze. Jest to materia\u0142 nieprzepuszczaj\u0105cy \u015bwiat\u0142o BLOCKOUT.<\/p><p>&#8211; Canvas- materia\u0142y stosowane do druku reprodukcji obraz\u00f3w, w ostatnim czasie najcz\u0119\u015bciej stosowane do druku okoliczno\u015bciowego typu FOTOOBRAZ.\u00a0<\/p><p>&#8211; Drukujemy na sztywnych pod\u0142o\u017cach takich jak PCV, Dibond, szk\u0142o, drewno drukiem bezpo\u015brednim w technologii UV.<\/p><p>&#8211; Nasza drukarnia jest kompletnie wyposa\u017cona i przygotowana dla najbardziej wymagaj\u0105cych klient\u00f3w, a wydruki z naszych maszyn s\u0105 soczy\u015bcie wysycone, bez paskowania i co najwa\u017cniejsze ECO co nie jest dla nas oboj\u0119tne.<\/p><p>Zapraszamy do<a href=\"http:\/\/www.colorfield.pl\/kontakt\"> kontaktu.<\/a><\/p>\t\t\t\t\t\t\t\t<\/div>\n\t\t\t\t<\/div>\n\t\t\t\t\t<\/div>\n\t\t<\/div>\n\t\t\t\t\t<\/div>\n\t\t<\/section>\n\t\t\t\t<\/div>\n\t\t","protected":false},"excerpt":{"rendered":"<p>Banery WielkoformatoweBanery wzmacniane, powlekane, czy do pod\u015bwietle\u0144 w dowolnym rozmiarzeSIatki Mesh o gramaturze 380g sprawdz\u0105 si\u0119 na elewacjach b\u0105d\u017a miejscach bardzo wietrznychFolie i naklejkiDrukujemy na ka\u017cdym rodzaju folii,. Mo\u017cemy wyci\u0105\u0107 ploterowo po grafice i laminowa\u0107. Wydruki na papierzeDrukujemy na papierach o wysokiej gramaturze 200g tuszami ekologicznymi, kt\u00f3re mog\u0105 mie\u0107 kontakt z dzie\u0107mi i zastosowanie w [&hellip;]<\/p>\n","protected":false},"author":1,"featured_media":0,"parent":0,"menu_order":0,"comment_status":"closed","ping_status":"closed","template":"","meta":{"site-sidebar-layout":"default","site-content-layout":"","ast-site-content-layout":"default","site-content-style":"default","site-sidebar-style":"default","ast-global-header-display":"","ast-banner-title-visibility":"","ast-main-header-display":"","ast-hfb-above-header-display":"","ast-hfb-below-header-display":"","ast-hfb-mobile-header-display":"","site-post-title":"","ast-breadcrumbs-content":"","ast-featured-img":"","footer-sml-layout":"","theme-transparent-header-meta":"","adv-header-id-meta":"","stick-header-meta":"","header-above-stick-meta":"","header-main-stick-meta":"","header-below-stick-meta":"","astra-migrate-meta-layouts":"default","ast-page-background-enabled":"default","ast-page-background-meta":{"desktop":{"background-color":"","background-image":"","background-repeat":"repeat","background-position":"center center","background-size":"auto","background-attachment":"scroll","background-type":"","background-media":"","overlay-type":"","overlay-color":"","overlay-opacity":"","overlay-gradient":""},"tablet":{"background-color":"","background-image":"","background-repeat":"repeat","background-position":"center center","background-size":"auto","background-attachment":"scroll","background-type":"","background-media":"","overlay-type":"","overlay-color":"","overlay-opacity":"","overlay-gradient":""},"mobile":{"background-color":"","background-image":"","background-repeat":"repeat","background-position":"center center","background-size":"auto","background-attachment":"scroll","background-type":"","background-media":"","overlay-type":"","overlay-color":"","overlay-opacity":"","overlay-gradient":""}},"ast-content-background-meta":{"desktop":{"background-color":"var(--ast-global-color-5)","background-image":"","background-repeat":"repeat","background-position":"center center","background-size":"auto","background-attachment":"scroll","background-type":"","background-media":"","overlay-type":"","overlay-color":"","overlay-opacity":"","overlay-gradient":""},"tablet":{"background-color":"var(--ast-global-color-5)","background-image":"","background-repeat":"repeat","background-position":"center center","background-size":"auto","background-attachment":"scroll","background-type":"","background-media":"","overlay-type":"","overlay-color":"","overlay-opacity":"","overlay-gradient":""},"mobile":{"background-color":"var(--ast-global-color-5)","background-image":"","background-repeat":"repeat","background-position":"center center","background-size":"auto","background-attachment":"scroll","background-type":"","background-media":"","overlay-type":"","overlay-color":"","overlay-opacity":"","overlay-gradient":""}},"footnotes":""},"class_list":["post-12","page","type-page","status-publish","hentry"],"yoast_head":"<!-- This site is optimized with the Yoast SEO plugin v27.5 - https:\/\/yoast.com\/product\/yoast-seo-wordpress\/ -->\n<title>Drukarnia Wielkoformatowa, banery, siatki, monta\u017c reklam, Pabianice<\/title>\n<meta name=\"description\" content=\"Drukarnia Wielkoformatowa COLORFIELD \u015bwiadczy us\u0142ugi druku baner\u00f3w, siatek Mesh, folii samoprzylepnych, folii okiennych, monta\u017c reklam.\" \/>\n<meta name=\"robots\" content=\"index, follow, max-snippet:-1, max-image-preview:large, max-video-preview:-1\" \/>\n<link rel=\"canonical\" href=\"https:\/\/colorfield.pl\/page\/drukarnia-wielkoformatowa\/\" \/>\n<meta property=\"og:locale\" content=\"pl_PL\" \/>\n<meta property=\"og:type\" content=\"article\" \/>\n<meta property=\"og:title\" content=\"COLORFIELD- Producent flag | Drukarnia Wielkoformatowa\" \/>\n<meta property=\"og:description\" content=\"Drukarnia Wielkoformatowa COLORFIELD z Pabianic, drukuje materia\u0142y takie jak banery, siatki reklamowe, folii samoprzylepne czy montuje reklamy zewn\u0119trzne.\" \/>\n<meta property=\"og:url\" content=\"https:\/\/colorfield.pl\/page\/drukarnia-wielkoformatowa\/\" \/>\n<meta property=\"og:site_name\" content=\"COLORFIELD- Producent flag | Drukarnia Wielkoformatowa\" \/>\n<meta property=\"article:publisher\" content=\"https:\/\/www.facebook.com\/colorfield.print\" \/>\n<meta property=\"article:modified_time\" content=\"2022-02-28T11:10:58+00:00\" \/>\n<meta name=\"twitter:card\" content=\"summary_large_image\" \/>\n<meta name=\"twitter:label1\" content=\"Szacowany czas czytania\" \/>\n\t<meta name=\"twitter:data1\" content=\"4 minuty\" \/>\n<script type=\"application\/ld+json\" class=\"yoast-schema-graph\">{\"@context\":\"https:\\\/\\\/schema.org\",\"@graph\":[{\"@type\":\"WebPage\",\"@id\":\"https:\\\/\\\/colorfield.pl\\\/page\\\/drukarnia-wielkoformatowa\\\/\",\"url\":\"https:\\\/\\\/colorfield.pl\\\/page\\\/drukarnia-wielkoformatowa\\\/\",\"name\":\"Drukarnia Wielkoformatowa, banery, siatki, monta\u017c reklam, Pabianice\",\"isPartOf\":{\"@id\":\"https:\\\/\\\/colorfield.pl\\\/page\\\/#website\"},\"datePublished\":\"2020-12-12T07:52:18+00:00\",\"dateModified\":\"2022-02-28T11:10:58+00:00\",\"description\":\"Drukarnia Wielkoformatowa COLORFIELD \u015bwiadczy us\u0142ugi druku baner\u00f3w, siatek Mesh, folii samoprzylepnych, folii okiennych, monta\u017c reklam.\",\"breadcrumb\":{\"@id\":\"https:\\\/\\\/colorfield.pl\\\/page\\\/drukarnia-wielkoformatowa\\\/#breadcrumb\"},\"inLanguage\":\"pl-PL\",\"potentialAction\":[{\"@type\":\"ReadAction\",\"target\":[\"https:\\\/\\\/colorfield.pl\\\/page\\\/drukarnia-wielkoformatowa\\\/\"]}]},{\"@type\":\"BreadcrumbList\",\"@id\":\"https:\\\/\\\/colorfield.pl\\\/page\\\/drukarnia-wielkoformatowa\\\/#breadcrumb\",\"itemListElement\":[{\"@type\":\"ListItem\",\"position\":1,\"name\":\"Strona g\u0142\u00f3wna\",\"item\":\"https:\\\/\\\/colorfield.pl\\\/page\\\/\"},{\"@type\":\"ListItem\",\"position\":2,\"name\":\"Drukarnia Wielkoformatowa\"}]},{\"@type\":\"WebSite\",\"@id\":\"https:\\\/\\\/colorfield.pl\\\/page\\\/#website\",\"url\":\"https:\\\/\\\/colorfield.pl\\\/page\\\/\",\"name\":\"COLORFIELD- Producent flag | Drukarnia Wielkoformatowa\",\"description\":\"drukarnia wielkoformatowa Pabianice. Reklamy!\",\"publisher\":{\"@id\":\"https:\\\/\\\/colorfield.pl\\\/page\\\/#organization\"},\"potentialAction\":[{\"@type\":\"SearchAction\",\"target\":{\"@type\":\"EntryPoint\",\"urlTemplate\":\"https:\\\/\\\/colorfield.pl\\\/page\\\/?s={search_term_string}\"},\"query-input\":{\"@type\":\"PropertyValueSpecification\",\"valueRequired\":true,\"valueName\":\"search_term_string\"}}],\"inLanguage\":\"pl-PL\"},{\"@type\":\"Organization\",\"@id\":\"https:\\\/\\\/colorfield.pl\\\/page\\\/#organization\",\"name\":\"COLORFIELD- Producent flag | Drukarnia Wielkoformatowa\",\"url\":\"https:\\\/\\\/colorfield.pl\\\/page\\\/\",\"logo\":{\"@type\":\"ImageObject\",\"inLanguage\":\"pl-PL\",\"@id\":\"https:\\\/\\\/colorfield.pl\\\/page\\\/#\\\/schema\\\/logo\\\/image\\\/\",\"url\":\"https:\\\/\\\/colorfield.pl\\\/page\\\/wp-content\\\/uploads\\\/2025\\\/11\\\/logo-colorfield.png\",\"contentUrl\":\"https:\\\/\\\/colorfield.pl\\\/page\\\/wp-content\\\/uploads\\\/2025\\\/11\\\/logo-colorfield.png\",\"width\":912,\"height\":598,\"caption\":\"COLORFIELD- Producent flag | Drukarnia Wielkoformatowa\"},\"image\":{\"@id\":\"https:\\\/\\\/colorfield.pl\\\/page\\\/#\\\/schema\\\/logo\\\/image\\\/\"},\"sameAs\":[\"https:\\\/\\\/www.facebook.com\\\/colorfield.print\"]}]}<\/script>\n<!-- \/ Yoast SEO plugin. -->","yoast_head_json":{"title":"Drukarnia Wielkoformatowa, banery, siatki, monta\u017c reklam, Pabianice","description":"Drukarnia Wielkoformatowa COLORFIELD \u015bwiadczy us\u0142ugi druku baner\u00f3w, siatek Mesh, folii samoprzylepnych, folii okiennych, monta\u017c reklam.","robots":{"index":"index","follow":"follow","max-snippet":"max-snippet:-1","max-image-preview":"max-image-preview:large","max-video-preview":"max-video-preview:-1"},"canonical":"https:\/\/colorfield.pl\/page\/drukarnia-wielkoformatowa\/","og_locale":"pl_PL","og_type":"article","og_title":"COLORFIELD- Producent flag | Drukarnia Wielkoformatowa","og_description":"Drukarnia Wielkoformatowa COLORFIELD z Pabianic, drukuje materia\u0142y takie jak banery, siatki reklamowe, folii samoprzylepne czy montuje reklamy zewn\u0119trzne.","og_url":"https:\/\/colorfield.pl\/page\/drukarnia-wielkoformatowa\/","og_site_name":"COLORFIELD- Producent flag | Drukarnia Wielkoformatowa","article_publisher":"https:\/\/www.facebook.com\/colorfield.print","article_modified_time":"2022-02-28T11:10:58+00:00","twitter_card":"summary_large_image","twitter_misc":{"Szacowany czas czytania":"4 minuty"},"schema":{"@context":"https:\/\/schema.org","@graph":[{"@type":"WebPage","@id":"https:\/\/colorfield.pl\/page\/drukarnia-wielkoformatowa\/","url":"https:\/\/colorfield.pl\/page\/drukarnia-wielkoformatowa\/","name":"Drukarnia Wielkoformatowa, banery, siatki, monta\u017c reklam, Pabianice","isPartOf":{"@id":"https:\/\/colorfield.pl\/page\/#website"},"datePublished":"2020-12-12T07:52:18+00:00","dateModified":"2022-02-28T11:10:58+00:00","description":"Drukarnia Wielkoformatowa COLORFIELD \u015bwiadczy us\u0142ugi druku baner\u00f3w, siatek Mesh, folii samoprzylepnych, folii okiennych, monta\u017c reklam.","breadcrumb":{"@id":"https:\/\/colorfield.pl\/page\/drukarnia-wielkoformatowa\/#breadcrumb"},"inLanguage":"pl-PL","potentialAction":[{"@type":"ReadAction","target":["https:\/\/colorfield.pl\/page\/drukarnia-wielkoformatowa\/"]}]},{"@type":"BreadcrumbList","@id":"https:\/\/colorfield.pl\/page\/drukarnia-wielkoformatowa\/#breadcrumb","itemListElement":[{"@type":"ListItem","position":1,"name":"Strona g\u0142\u00f3wna","item":"https:\/\/colorfield.pl\/page\/"},{"@type":"ListItem","position":2,"name":"Drukarnia Wielkoformatowa"}]},{"@type":"WebSite","@id":"https:\/\/colorfield.pl\/page\/#website","url":"https:\/\/colorfield.pl\/page\/","name":"COLORFIELD- Producent flag | Drukarnia Wielkoformatowa","description":"drukarnia wielkoformatowa Pabianice. Reklamy!","publisher":{"@id":"https:\/\/colorfield.pl\/page\/#organization"},"potentialAction":[{"@type":"SearchAction","target":{"@type":"EntryPoint","urlTemplate":"https:\/\/colorfield.pl\/page\/?s={search_term_string}"},"query-input":{"@type":"PropertyValueSpecification","valueRequired":true,"valueName":"search_term_string"}}],"inLanguage":"pl-PL"},{"@type":"Organization","@id":"https:\/\/colorfield.pl\/page\/#organization","name":"COLORFIELD- Producent flag | Drukarnia Wielkoformatowa","url":"https:\/\/colorfield.pl\/page\/","logo":{"@type":"ImageObject","inLanguage":"pl-PL","@id":"https:\/\/colorfield.pl\/page\/#\/schema\/logo\/image\/","url":"https:\/\/colorfield.pl\/page\/wp-content\/uploads\/2025\/11\/logo-colorfield.png","contentUrl":"https:\/\/colorfield.pl\/page\/wp-content\/uploads\/2025\/11\/logo-colorfield.png","width":912,"height":598,"caption":"COLORFIELD- Producent flag | Drukarnia Wielkoformatowa"},"image":{"@id":"https:\/\/colorfield.pl\/page\/#\/schema\/logo\/image\/"},"sameAs":["https:\/\/www.facebook.com\/colorfield.print"]}]}},"_links":{"self":[{"href":"https:\/\/colorfield.pl\/page\/wp-json\/wp\/v2\/pages\/12","targetHints":{"allow":["GET"]}}],"collection":[{"href":"https:\/\/colorfield.pl\/page\/wp-json\/wp\/v2\/pages"}],"about":[{"href":"https:\/\/colorfield.pl\/page\/wp-json\/wp\/v2\/types\/page"}],"author":[{"embeddable":true,"href":"https:\/\/colorfield.pl\/page\/wp-json\/wp\/v2\/users\/1"}],"replies":[{"embeddable":true,"href":"https:\/\/colorfield.pl\/page\/wp-json\/wp\/v2\/comments?post=12"}],"version-history":[{"count":3,"href":"https:\/\/colorfield.pl\/page\/wp-json\/wp\/v2\/pages\/12\/revisions"}],"predecessor-version":[{"id":568,"href":"https:\/\/colorfield.pl\/page\/wp-json\/wp\/v2\/pages\/12\/revisions\/568"}],"wp:attachment":[{"href":"https:\/\/colorfield.pl\/page\/wp-json\/wp\/v2\/media?parent=12"}],"curies":[{"name":"wp","href":"https:\/\/api.w.org\/{rel}","templated":true}]}}