{"id":16,"date":"2020-12-12T08:52:19","date_gmt":"2020-12-12T07:52:19","guid":{"rendered":"http:\/\/colorfield.pl\/page\/?page_id=16"},"modified":"2022-02-20T21:13:54","modified_gmt":"2022-02-20T20:13:54","slug":"tekstylia","status":"publish","type":"page","link":"https:\/\/colorfield.pl\/page\/tekstylia\/","title":{"rendered":"Tekstylia"},"content":{"rendered":"\t\t<div data-elementor-type=\"wp-page\" data-elementor-id=\"16\" class=\"elementor elementor-16\">\n\t\t\t\t\t\t<section class=\"elementor-section elementor-top-section elementor-element elementor-element-07cebce elementor-section-boxed elementor-section-height-default elementor-section-height-default\" data-id=\"07cebce\" data-element_type=\"section\" data-e-type=\"section\">\n\t\t\t\t\t\t<div class=\"elementor-container elementor-column-gap-default\">\n\t\t\t\t\t<div class=\"elementor-column elementor-col-100 elementor-top-column elementor-element elementor-element-ba61b1b\" data-id=\"ba61b1b\" data-element_type=\"column\" data-e-type=\"column\">\n\t\t\t<div class=\"elementor-widget-wrap elementor-element-populated\">\n\t\t\t\t\t\t\t<\/div>\n\t\t<\/div>\n\t\t\t\t\t<\/div>\n\t\t<\/section>\n\t\t\t\t<section class=\"elementor-section elementor-top-section elementor-element elementor-element-c8685ae elementor-section-boxed elementor-section-height-default elementor-section-height-default\" data-id=\"c8685ae\" data-element_type=\"section\" data-e-type=\"section\">\n\t\t\t\t\t\t<div class=\"elementor-container elementor-column-gap-default\">\n\t\t\t\t\t<div class=\"elementor-column elementor-col-100 elementor-top-column elementor-element elementor-element-20fce83\" data-id=\"20fce83\" data-element_type=\"column\" data-e-type=\"column\">\n\t\t\t<div class=\"elementor-widget-wrap elementor-element-populated\">\n\t\t\t\t\t\t<div class=\"elementor-element elementor-element-244d25a elementor-widget elementor-widget-slides\" data-id=\"244d25a\" data-element_type=\"widget\" data-e-type=\"widget\" data-widget_type=\"slides.default\">\n\t\t\t\t<div class=\"elementor-widget-container\">\n\t\t\t\t\t \t\t\t\t<\/div>\n\t\t\t\t<\/div>\n\t\t\t\t\t<\/div>\n\t\t<\/div>\n\t\t\t\t\t<\/div>\n\t\t<\/section>\n\t\t\t\t<section class=\"elementor-section elementor-top-section elementor-element elementor-element-d1448c1 elementor-section-boxed elementor-section-height-default elementor-section-height-default\" data-id=\"d1448c1\" data-element_type=\"section\" data-e-type=\"section\">\n\t\t\t\t\t\t<div class=\"elementor-container elementor-column-gap-default\">\n\t\t\t\t\t<div class=\"elementor-column elementor-col-100 elementor-top-column elementor-element elementor-element-988279a\" data-id=\"988279a\" data-element_type=\"column\" data-e-type=\"column\">\n\t\t\t<div class=\"elementor-widget-wrap elementor-element-populated\">\n\t\t\t\t\t\t<div class=\"elementor-element elementor-element-6bfd496 elementor-widget elementor-widget-heading\" data-id=\"6bfd496\" data-element_type=\"widget\" data-e-type=\"widget\" data-widget_type=\"heading.default\">\n\t\t\t\t<div class=\"elementor-widget-container\">\n\t\t\t\t\t<h1 class=\"elementor-heading-title elementor-size-default\">Odzie\u017c reklamowa z twoim logo <\/h1>\t\t\t\t<\/div>\n\t\t\t\t<\/div>\n\t\t\t\t\t<\/div>\n\t\t<\/div>\n\t\t\t\t\t<\/div>\n\t\t<\/section>\n\t\t\t\t<section class=\"elementor-section elementor-top-section elementor-element elementor-element-e69cf64 elementor-section-boxed elementor-section-height-default elementor-section-height-default\" data-id=\"e69cf64\" data-element_type=\"section\" data-e-type=\"section\">\n\t\t\t\t\t\t<div class=\"elementor-container elementor-column-gap-default\">\n\t\t\t\t\t<div class=\"elementor-column elementor-col-100 elementor-top-column elementor-element elementor-element-fea6bd1\" data-id=\"fea6bd1\" data-element_type=\"column\" data-e-type=\"column\">\n\t\t\t<div class=\"elementor-widget-wrap elementor-element-populated\">\n\t\t\t\t\t\t<div class=\"elementor-element elementor-element-5584160 elementor-widget elementor-widget-text-editor\" data-id=\"5584160\" data-element_type=\"widget\" data-e-type=\"widget\" data-widget_type=\"text-editor.default\">\n\t\t\t\t<div class=\"elementor-widget-container\">\n\t\t\t\t\t\t\t\t\t<p>Odzie\u017c sportowa i reklamowa to nasza druga mocna strona. Od ponad 15 lat jeste\u015bmy zwi\u0105zani z bran\u017c\u0105 odzie\u017cow\u0105. Naturalnym dla nas procesem prowadz\u0105c Agencj\u0119 Reklamow\u0105 i Drukarni\u0119 Wielkoformatow\u0105 by\u0142o wprowadzenie do oferty mo\u017cliwo\u015bci druku na odzie\u017cy.\u00a0<\/p><p>Od ponad 8 lat zajmujemy si\u0119 produkcj\u0105 odzie\u017cy sportowej, reklamowej jak i codziennej. Do zdobienia wykorzystujemy najnowsze technologie druku jak DTG- bezpo\u015bredni druk na materia\u0142ach czy gotowych wyrobach bawe\u0142nianych. Do produkcji odzie\u017cy sportowej stosujemy g\u0142\u00f3wnie sublimacj\u0119. Posiadamy kompletnie wyposa\u017cony park maszynowy o maksymalnym polu zadruku 160cm. Mo\u017cemy drukowa\u0107 na wykrojach czy materia\u0142 w metra\u017cu, kt\u00f3ry znajduje zastosowanie r\u00f3wnie\u017c w bran\u017cy reklamowej.<\/p><p>Jako nowo\u015b\u0107 wprowadzili\u015bmy druk DTF, kt\u00f3ry zyskuje swoj\u0105 popularno\u015b\u0107, nie posiada minimum produkcyjnego, mo\u017ce by\u0107 stosowany na ka\u017cdy rodzaj materia\u0142u. Charakteryzuje si\u0119 du\u017c\u0105 wytrzyma\u0142o\u015bci\u0105 na pranie, \u017cywymi kolorami i brakiem koszt\u00f3w przygotowania.\u00a0<\/p><p>Drukujemy na t-shirtach, bluzach, koszulkach sportowy. Dostarczamy gotowy produkt, b\u0105d\u017a drukujemy na powierzonej przez klienta odzie\u017cy.<\/p><p>\u00a0<\/p>\t\t\t\t\t\t\t\t<\/div>\n\t\t\t\t<\/div>\n\t\t\t\t\t<\/div>\n\t\t<\/div>\n\t\t\t\t\t<\/div>\n\t\t<\/section>\n\t\t\t\t<section class=\"elementor-section elementor-top-section elementor-element elementor-element-6c12158 elementor-section-boxed elementor-section-height-default elementor-section-height-default\" data-id=\"6c12158\" data-element_type=\"section\" data-e-type=\"section\">\n\t\t\t\t\t\t<div class=\"elementor-container elementor-column-gap-default\">\n\t\t\t\t\t<div class=\"elementor-column elementor-col-100 elementor-top-column elementor-element elementor-element-e4c94fb\" data-id=\"e4c94fb\" data-element_type=\"column\" data-e-type=\"column\">\n\t\t\t<div class=\"elementor-widget-wrap elementor-element-populated\">\n\t\t\t\t\t\t<div class=\"elementor-element elementor-element-b6bf147 elementor-align-center elementor-widget elementor-widget-button\" data-id=\"b6bf147\" data-element_type=\"widget\" data-e-type=\"widget\" data-widget_type=\"button.default\">\n\t\t\t\t<div class=\"elementor-widget-container\">\n\t\t\t\t\t\t\t\t\t<div class=\"elementor-button-wrapper\">\n\t\t\t\t\t<a class=\"elementor-button elementor-button-link elementor-size-sm\" href=\"https:\/\/sublicase.pl\/about-us-4\/?v=9b7d173b068d\">\n\t\t\t\t\t\t<span class=\"elementor-button-content-wrapper\">\n\t\t\t\t\t\t\t\t\t<span class=\"elementor-button-text\">Kliknij by dowiedzie\u0107 si\u0119 wi\u0119cej<\/span>\n\t\t\t\t\t<\/span>\n\t\t\t\t\t<\/a>\n\t\t\t\t<\/div>\n\t\t\t\t\t\t\t\t<\/div>\n\t\t\t\t<\/div>\n\t\t\t\t\t<\/div>\n\t\t<\/div>\n\t\t\t\t\t<\/div>\n\t\t<\/section>\n\t\t\t\t<\/div>\n\t\t","protected":false},"excerpt":{"rendered":"<p>Stw\u00f3rz swoj\u0105 mark\u0119 odzie\u017cy b\u0105d\u017a ubie\u017c swoich pracownik\u00f3wsprawd\u017aSzyjemy odzie\u017c od podstaw, b\u0105d\u017a u\u017cywamy sprawdzonych producent\u00f3w gotowych wyrob\u00f3wWejd\u017aPersonalizowane stroje sportowe szyte od podstawSprawd\u017a Previous Next Odzie\u017c reklamowa z twoim logo Odzie\u017c sportowa i reklamowa to nasza druga mocna strona. Od ponad 15 lat jeste\u015bmy zwi\u0105zani z bran\u017c\u0105 odzie\u017cow\u0105. Naturalnym dla nas procesem prowadz\u0105c Agencj\u0119 Reklamow\u0105 i [&hellip;]<\/p>\n","protected":false},"author":1,"featured_media":0,"parent":0,"menu_order":0,"comment_status":"closed","ping_status":"closed","template":"","meta":{"site-sidebar-layout":"default","site-content-layout":"","ast-site-content-layout":"default","site-content-style":"default","site-sidebar-style":"default","ast-global-header-display":"","ast-banner-title-visibility":"","ast-main-header-display":"","ast-hfb-above-header-display":"","ast-hfb-below-header-display":"","ast-hfb-mobile-header-display":"","site-post-title":"","ast-breadcrumbs-content":"","ast-featured-img":"","footer-sml-layout":"","theme-transparent-header-meta":"","adv-header-id-meta":"","stick-header-meta":"","header-above-stick-meta":"","header-main-stick-meta":"","header-below-stick-meta":"","astra-migrate-meta-layouts":"default","ast-page-background-enabled":"default","ast-page-background-meta":{"desktop":{"background-color":"","background-image":"","background-repeat":"repeat","background-position":"center center","background-size":"auto","background-attachment":"scroll","background-type":"","background-media":"","overlay-type":"","overlay-color":"","overlay-opacity":"","overlay-gradient":""},"tablet":{"background-color":"","background-image":"","background-repeat":"repeat","background-position":"center center","background-size":"auto","background-attachment":"scroll","background-type":"","background-media":"","overlay-type":"","overlay-color":"","overlay-opacity":"","overlay-gradient":""},"mobile":{"background-color":"","background-image":"","background-repeat":"repeat","background-position":"center center","background-size":"auto","background-attachment":"scroll","background-type":"","background-media":"","overlay-type":"","overlay-color":"","overlay-opacity":"","overlay-gradient":""}},"ast-content-background-meta":{"desktop":{"background-color":"var(--ast-global-color-5)","background-image":"","background-repeat":"repeat","background-position":"center center","background-size":"auto","background-attachment":"scroll","background-type":"","background-media":"","overlay-type":"","overlay-color":"","overlay-opacity":"","overlay-gradient":""},"tablet":{"background-color":"var(--ast-global-color-5)","background-image":"","background-repeat":"repeat","background-position":"center center","background-size":"auto","background-attachment":"scroll","background-type":"","background-media":"","overlay-type":"","overlay-color":"","overlay-opacity":"","overlay-gradient":""},"mobile":{"background-color":"var(--ast-global-color-5)","background-image":"","background-repeat":"repeat","background-position":"center center","background-size":"auto","background-attachment":"scroll","background-type":"","background-media":"","overlay-type":"","overlay-color":"","overlay-opacity":"","overlay-gradient":""}},"footnotes":""},"class_list":["post-16","page","type-page","status-publish","hentry"],"yoast_head":"<!-- This site is optimized with the Yoast SEO plugin v27.4 - https:\/\/yoast.com\/product\/yoast-seo-wordpress\/ -->\n<title>Odzie\u017c Reklamowa. Druk na odzie\u017cy z twoim logo od Producenta.<\/title>\n<meta name=\"description\" content=\"Odzie\u017c reklamowa z twoim nadrukiem. Oferujemy druk DTG, sublimacyjny czy wycinany z folii flex lub Flock. Zam\u00f3w od 1szt ze swoim logo.\" \/>\n<meta name=\"robots\" content=\"index, follow, max-snippet:-1, max-image-preview:large, max-video-preview:-1\" \/>\n<link rel=\"canonical\" href=\"https:\/\/colorfield.pl\/page\/tekstylia\/\" \/>\n<meta property=\"og:locale\" content=\"pl_PL\" \/>\n<meta property=\"og:type\" content=\"article\" \/>\n<meta property=\"og:title\" content=\"Odzie\u017c Reklamowa. Druk na odzie\u017cy z twoim logo od Producenta.\" \/>\n<meta property=\"og:description\" content=\"Odzie\u017c reklamowa z twoim nadrukiem. Oferujemy druk DTG, sublimacyjny czy wycinany z folii flex lub Flock. Zam\u00f3w od 1szt ze swoim logo.\" \/>\n<meta property=\"og:url\" content=\"https:\/\/colorfield.pl\/page\/tekstylia\/\" \/>\n<meta property=\"og:site_name\" content=\"COLORFIELD- Producent flag | Drukarnia Wielkoformatowa\" \/>\n<meta property=\"article:publisher\" content=\"https:\/\/www.facebook.com\/colorfield.print\" \/>\n<meta property=\"article:modified_time\" content=\"2022-02-20T20:13:54+00:00\" \/>\n<meta name=\"twitter:card\" content=\"summary_large_image\" \/>\n<meta name=\"twitter:label1\" content=\"Szacowany czas czytania\" \/>\n\t<meta name=\"twitter:data1\" content=\"2 minuty\" \/>\n<script type=\"application\/ld+json\" class=\"yoast-schema-graph\">{\"@context\":\"https:\\\/\\\/schema.org\",\"@graph\":[{\"@type\":\"WebPage\",\"@id\":\"https:\\\/\\\/colorfield.pl\\\/page\\\/tekstylia\\\/\",\"url\":\"https:\\\/\\\/colorfield.pl\\\/page\\\/tekstylia\\\/\",\"name\":\"Odzie\u017c Reklamowa. Druk na odzie\u017cy z twoim logo od Producenta.\",\"isPartOf\":{\"@id\":\"https:\\\/\\\/colorfield.pl\\\/page\\\/#website\"},\"datePublished\":\"2020-12-12T07:52:19+00:00\",\"dateModified\":\"2022-02-20T20:13:54+00:00\",\"description\":\"Odzie\u017c reklamowa z twoim nadrukiem. Oferujemy druk DTG, sublimacyjny czy wycinany z folii flex lub Flock. Zam\u00f3w od 1szt ze swoim logo.\",\"breadcrumb\":{\"@id\":\"https:\\\/\\\/colorfield.pl\\\/page\\\/tekstylia\\\/#breadcrumb\"},\"inLanguage\":\"pl-PL\",\"potentialAction\":[{\"@type\":\"ReadAction\",\"target\":[\"https:\\\/\\\/colorfield.pl\\\/page\\\/tekstylia\\\/\"]}]},{\"@type\":\"BreadcrumbList\",\"@id\":\"https:\\\/\\\/colorfield.pl\\\/page\\\/tekstylia\\\/#breadcrumb\",\"itemListElement\":[{\"@type\":\"ListItem\",\"position\":1,\"name\":\"Strona g\u0142\u00f3wna\",\"item\":\"https:\\\/\\\/colorfield.pl\\\/page\\\/\"},{\"@type\":\"ListItem\",\"position\":2,\"name\":\"Tekstylia\"}]},{\"@type\":\"WebSite\",\"@id\":\"https:\\\/\\\/colorfield.pl\\\/page\\\/#website\",\"url\":\"https:\\\/\\\/colorfield.pl\\\/page\\\/\",\"name\":\"COLORFIELD- Producent flag | Drukarnia Wielkoformatowa\",\"description\":\"drukarnia wielkoformatowa Pabianice. Reklamy!\",\"publisher\":{\"@id\":\"https:\\\/\\\/colorfield.pl\\\/page\\\/#organization\"},\"potentialAction\":[{\"@type\":\"SearchAction\",\"target\":{\"@type\":\"EntryPoint\",\"urlTemplate\":\"https:\\\/\\\/colorfield.pl\\\/page\\\/?s={search_term_string}\"},\"query-input\":{\"@type\":\"PropertyValueSpecification\",\"valueRequired\":true,\"valueName\":\"search_term_string\"}}],\"inLanguage\":\"pl-PL\"},{\"@type\":\"Organization\",\"@id\":\"https:\\\/\\\/colorfield.pl\\\/page\\\/#organization\",\"name\":\"COLORFIELD- Producent flag | Drukarnia Wielkoformatowa\",\"url\":\"https:\\\/\\\/colorfield.pl\\\/page\\\/\",\"logo\":{\"@type\":\"ImageObject\",\"inLanguage\":\"pl-PL\",\"@id\":\"https:\\\/\\\/colorfield.pl\\\/page\\\/#\\\/schema\\\/logo\\\/image\\\/\",\"url\":\"https:\\\/\\\/colorfield.pl\\\/page\\\/wp-content\\\/uploads\\\/2025\\\/11\\\/logo-colorfield.png\",\"contentUrl\":\"https:\\\/\\\/colorfield.pl\\\/page\\\/wp-content\\\/uploads\\\/2025\\\/11\\\/logo-colorfield.png\",\"width\":912,\"height\":598,\"caption\":\"COLORFIELD- Producent flag | Drukarnia Wielkoformatowa\"},\"image\":{\"@id\":\"https:\\\/\\\/colorfield.pl\\\/page\\\/#\\\/schema\\\/logo\\\/image\\\/\"},\"sameAs\":[\"https:\\\/\\\/www.facebook.com\\\/colorfield.print\"]}]}<\/script>\n<!-- \/ Yoast SEO plugin. -->","yoast_head_json":{"title":"Odzie\u017c Reklamowa. Druk na odzie\u017cy z twoim logo od Producenta.","description":"Odzie\u017c reklamowa z twoim nadrukiem. Oferujemy druk DTG, sublimacyjny czy wycinany z folii flex lub Flock. Zam\u00f3w od 1szt ze swoim logo.","robots":{"index":"index","follow":"follow","max-snippet":"max-snippet:-1","max-image-preview":"max-image-preview:large","max-video-preview":"max-video-preview:-1"},"canonical":"https:\/\/colorfield.pl\/page\/tekstylia\/","og_locale":"pl_PL","og_type":"article","og_title":"Odzie\u017c Reklamowa. Druk na odzie\u017cy z twoim logo od Producenta.","og_description":"Odzie\u017c reklamowa z twoim nadrukiem. Oferujemy druk DTG, sublimacyjny czy wycinany z folii flex lub Flock. Zam\u00f3w od 1szt ze swoim logo.","og_url":"https:\/\/colorfield.pl\/page\/tekstylia\/","og_site_name":"COLORFIELD- Producent flag | Drukarnia Wielkoformatowa","article_publisher":"https:\/\/www.facebook.com\/colorfield.print","article_modified_time":"2022-02-20T20:13:54+00:00","twitter_card":"summary_large_image","twitter_misc":{"Szacowany czas czytania":"2 minuty"},"schema":{"@context":"https:\/\/schema.org","@graph":[{"@type":"WebPage","@id":"https:\/\/colorfield.pl\/page\/tekstylia\/","url":"https:\/\/colorfield.pl\/page\/tekstylia\/","name":"Odzie\u017c Reklamowa. Druk na odzie\u017cy z twoim logo od Producenta.","isPartOf":{"@id":"https:\/\/colorfield.pl\/page\/#website"},"datePublished":"2020-12-12T07:52:19+00:00","dateModified":"2022-02-20T20:13:54+00:00","description":"Odzie\u017c reklamowa z twoim nadrukiem. Oferujemy druk DTG, sublimacyjny czy wycinany z folii flex lub Flock. Zam\u00f3w od 1szt ze swoim logo.","breadcrumb":{"@id":"https:\/\/colorfield.pl\/page\/tekstylia\/#breadcrumb"},"inLanguage":"pl-PL","potentialAction":[{"@type":"ReadAction","target":["https:\/\/colorfield.pl\/page\/tekstylia\/"]}]},{"@type":"BreadcrumbList","@id":"https:\/\/colorfield.pl\/page\/tekstylia\/#breadcrumb","itemListElement":[{"@type":"ListItem","position":1,"name":"Strona g\u0142\u00f3wna","item":"https:\/\/colorfield.pl\/page\/"},{"@type":"ListItem","position":2,"name":"Tekstylia"}]},{"@type":"WebSite","@id":"https:\/\/colorfield.pl\/page\/#website","url":"https:\/\/colorfield.pl\/page\/","name":"COLORFIELD- Producent flag | Drukarnia Wielkoformatowa","description":"drukarnia wielkoformatowa Pabianice. Reklamy!","publisher":{"@id":"https:\/\/colorfield.pl\/page\/#organization"},"potentialAction":[{"@type":"SearchAction","target":{"@type":"EntryPoint","urlTemplate":"https:\/\/colorfield.pl\/page\/?s={search_term_string}"},"query-input":{"@type":"PropertyValueSpecification","valueRequired":true,"valueName":"search_term_string"}}],"inLanguage":"pl-PL"},{"@type":"Organization","@id":"https:\/\/colorfield.pl\/page\/#organization","name":"COLORFIELD- Producent flag | Drukarnia Wielkoformatowa","url":"https:\/\/colorfield.pl\/page\/","logo":{"@type":"ImageObject","inLanguage":"pl-PL","@id":"https:\/\/colorfield.pl\/page\/#\/schema\/logo\/image\/","url":"https:\/\/colorfield.pl\/page\/wp-content\/uploads\/2025\/11\/logo-colorfield.png","contentUrl":"https:\/\/colorfield.pl\/page\/wp-content\/uploads\/2025\/11\/logo-colorfield.png","width":912,"height":598,"caption":"COLORFIELD- Producent flag | Drukarnia Wielkoformatowa"},"image":{"@id":"https:\/\/colorfield.pl\/page\/#\/schema\/logo\/image\/"},"sameAs":["https:\/\/www.facebook.com\/colorfield.print"]}]}},"_links":{"self":[{"href":"https:\/\/colorfield.pl\/page\/wp-json\/wp\/v2\/pages\/16","targetHints":{"allow":["GET"]}}],"collection":[{"href":"https:\/\/colorfield.pl\/page\/wp-json\/wp\/v2\/pages"}],"about":[{"href":"https:\/\/colorfield.pl\/page\/wp-json\/wp\/v2\/types\/page"}],"author":[{"embeddable":true,"href":"https:\/\/colorfield.pl\/page\/wp-json\/wp\/v2\/users\/1"}],"replies":[{"embeddable":true,"href":"https:\/\/colorfield.pl\/page\/wp-json\/wp\/v2\/comments?post=16"}],"version-history":[{"count":0,"href":"https:\/\/colorfield.pl\/page\/wp-json\/wp\/v2\/pages\/16\/revisions"}],"wp:attachment":[{"href":"https:\/\/colorfield.pl\/page\/wp-json\/wp\/v2\/media?parent=16"}],"curies":[{"name":"wp","href":"https:\/\/api.w.org\/{rel}","templated":true}]}}